{"id":1423,"date":"2021-11-21T15:12:46","date_gmt":"2021-11-21T18:12:46","guid":{"rendered":"http:\/\/localhost\/wd\/home-4\/"},"modified":"2024-02-15T13:46:21","modified_gmt":"2024-02-15T16:46:21","slug":"pagina-1","status":"publish","type":"page","link":"https:\/\/sites.tce.ce.gov.br\/tceduc\/","title":{"rendered":"Programa TCEduc 2024\/2025"},"content":{"rendered":"\n<p>O Programa TCEduc Munic\u00edpios 2024 tem como finalidade promover a\u00e7\u00f5es educacionais voltadas para o aperfei\u00e7oamento profissional, operacional e tecnol\u00f3gico dos servidores p\u00fablicos municipais e estaduais, dos poderes executivo e legislativo; visando fomentar o desenvolvimento da gest\u00e3o p\u00fablica, o exerc\u00edcio da cidadania e o aprimoramento do controle social.<\/p>\n\n\n\n<p>O Programa reafirma o seu compromisso em orientar os gestores e servidores p\u00fablicos acerca de temas relevantes da gest\u00e3o p\u00fablica e, ainda, em fornecer ao cidad\u00e3o instrumentos de transpar\u00eancia e conhecimentos imprescind\u00edveis ao exerc\u00edcio do controle social.<\/p>\n","protected":false},"excerpt":{"rendered":"<p>O Programa TCEduc Munic\u00edpios 2024 tem como finalidade promover a\u00e7\u00f5es educacionais voltadas para o aperfei\u00e7oamento profissional, operacional e tecnol\u00f3gico dos servidores p\u00fablicos municipais e estaduais, dos poderes executivo e legislativo; visando fomentar o desenvolvimento da gest\u00e3o p\u00fablica, o exerc\u00edcio da cidadania e o aprimoramento do controle social. O Programa reafirma o seu compromisso em orientar [&hellip;]<\/p>\n","protected":false},"author":37,"featured_media":0,"parent":0,"menu_order":0,"comment_status":"closed","ping_status":"closed","template":"","meta":[],"_links":{"self":[{"href":"https:\/\/sites.tce.ce.gov.br\/tceduc\/wp-json\/wp\/v2\/pages\/1423"}],"collection":[{"href":"https:\/\/sites.tce.ce.gov.br\/tceduc\/wp-json\/wp\/v2\/pages"}],"about":[{"href":"https:\/\/sites.tce.ce.gov.br\/tceduc\/wp-json\/wp\/v2\/types\/page"}],"author":[{"embeddable":true,"href":"https:\/\/sites.tce.ce.gov.br\/tceduc\/wp-json\/wp\/v2\/users\/37"}],"replies":[{"embeddable":true,"href":"https:\/\/sites.tce.ce.gov.br\/tceduc\/wp-json\/wp\/v2\/comments?post=1423"}],"version-history":[{"count":3,"href":"https:\/\/sites.tce.ce.gov.br\/tceduc\/wp-json\/wp\/v2\/pages\/1423\/revisions"}],"predecessor-version":[{"id":2641,"href":"https:\/\/sites.tce.ce.gov.br\/tceduc\/wp-json\/wp\/v2\/pages\/1423\/revisions\/2641"}],"wp:attachment":[{"href":"https:\/\/sites.tce.ce.gov.br\/tceduc\/wp-json\/wp\/v2\/media?parent=1423"}],"curies":[{"name":"wp","href":"https:\/\/api.w.org\/{rel}","templated":true}]}}