{"id":1519,"date":"2021-11-21T15:14:19","date_gmt":"2021-11-21T18:14:19","guid":{"rendered":"http:\/\/localhost\/wd\/about-8\/"},"modified":"2023-03-02T16:35:30","modified_gmt":"2023-03-02T19:35:30","slug":"pagina-2","status":"publish","type":"page","link":"https:\/\/sites.tce.ce.gov.br\/tceduc\/pagina-2\/","title":{"rendered":"Objetivos"},"content":{"rendered":"\n<ul>\n<li>Conceber e realizar a\u00e7\u00f5es de forma\u00e7\u00e3o continuada em servi\u00e7o para gestores e servidores p\u00fablicos do Cear\u00e1 acerca de entendimentos, jurisprud\u00eancias e orienta\u00e7\u00f5es b\u00e1sicas sobre temas relevantes da gest\u00e3o p\u00fablica.<\/li>\n<\/ul>\n\n\n\n<ol type=\"1\">\n<li><strong>Objetivos espec\u00edficos<\/strong><\/li>\n<\/ol>\n\n\n\n<ul>\n<li>Contribuir com a melhoria da qualidade do gasto p\u00fablico, no \u00e2mbito das suas jurisdi\u00e7\u00f5es, fomentando conhecimentos sobre controle externo;<\/li>\n\n\n\n<li>Ampliar e fortalecer as rela\u00e7\u00f5es institucionais entre o TCE Cear\u00e1 e os \u00f3rg\u00e3os dos poderes executivo, legislativo e judici\u00e1rio no Cear\u00e1;<\/li>\n\n\n\n<li>Qualificar servidores p\u00fablicos de modo a melhorar a efici\u00eancia, efic\u00e1cia e produtividade no servi\u00e7o p\u00fablico;<\/li>\n\n\n\n<li>Assegurar mais transpar\u00eancia e qualidade na gest\u00e3o dos recursos p\u00fablicos.<\/li>\n<\/ul>\n\n\n\n<ol type=\"1\">\n<li><strong>P\u00daBLICO-ALVO<\/strong><\/li>\n<\/ol>\n\n\n\n<p>Servidores p\u00fablicos atuando nos poderes executivo, legislativo e juridiciario do estado do Cear\u00e1 e sociedade civil.<\/p>\n","protected":false},"excerpt":{"rendered":"<p>Servidores p\u00fablicos atuando nos poderes executivo, legislativo e juridiciario do estado do Cear\u00e1 e sociedade civil.<\/p>\n","protected":false},"author":37,"featured_media":0,"parent":0,"menu_order":0,"comment_status":"closed","ping_status":"closed","template":"","meta":[],"_links":{"self":[{"href":"https:\/\/sites.tce.ce.gov.br\/tceduc\/wp-json\/wp\/v2\/pages\/1519"}],"collection":[{"href":"https:\/\/sites.tce.ce.gov.br\/tceduc\/wp-json\/wp\/v2\/pages"}],"about":[{"href":"https:\/\/sites.tce.ce.gov.br\/tceduc\/wp-json\/wp\/v2\/types\/page"}],"author":[{"embeddable":true,"href":"https:\/\/sites.tce.ce.gov.br\/tceduc\/wp-json\/wp\/v2\/users\/37"}],"replies":[{"embeddable":true,"href":"https:\/\/sites.tce.ce.gov.br\/tceduc\/wp-json\/wp\/v2\/comments?post=1519"}],"version-history":[{"count":4,"href":"https:\/\/sites.tce.ce.gov.br\/tceduc\/wp-json\/wp\/v2\/pages\/1519\/revisions"}],"predecessor-version":[{"id":2512,"href":"https:\/\/sites.tce.ce.gov.br\/tceduc\/wp-json\/wp\/v2\/pages\/1519\/revisions\/2512"}],"wp:attachment":[{"href":"https:\/\/sites.tce.ce.gov.br\/tceduc\/wp-json\/wp\/v2\/media?parent=1519"}],"curies":[{"name":"wp","href":"https:\/\/api.w.org\/{rel}","templated":true}]}}